{"id":16996,"date":"2025-04-03T11:50:08","date_gmt":"2025-04-03T11:50:08","guid":{"rendered":"https:\/\/loenct.com\/?page_id=16996"},"modified":"2026-04-10T07:22:06","modified_gmt":"2026-04-10T07:22:06","slug":"trabaja-con-nosotros","status":"publish","type":"page","link":"https:\/\/loenct.com\/en\/trabaja-con-nosotros\/","title":{"rendered":"Trabaja con Nosotros"},"content":{"rendered":"<div data-elementor-type=\"wp-page\" data-elementor-id=\"16996\" class=\"elementor elementor-16996\">\n\t\t\t\t\t\t<section class=\"elementor-section elementor-top-section elementor-element elementor-element-5724625 elementor-section-full_width elementor-section-stretched page-title-section elementor-section-height-default elementor-section-height-default\" data-id=\"5724625\" data-element_type=\"section\" data-settings=\"{&quot;stretch_section&quot;:&quot;section-stretched&quot;,&quot;background_background&quot;:&quot;classic&quot;}\">\n\t\t\t\t\t\t\t<div class=\"elementor-background-overlay\"><\/div>\n\t\t\t\t\t\t\t<div class=\"elementor-container elementor-column-gap-no\">\n\t\t\t\t\t<div class=\"elementor-column elementor-col-100 elementor-top-column elementor-element elementor-element-1c37517\" data-id=\"1c37517\" data-element_type=\"column\">\n\t\t\t<div class=\"elementor-widget-wrap elementor-element-populated\">\n\t\t\t\t\t\t<div class=\"elementor-element elementor-element-920bf9b elementor-widget__width-auto elementor-absolute elementor-widget elementor-widget-text-editor\" data-id=\"920bf9b\" data-element_type=\"widget\" data-settings=\"{&quot;_position&quot;:&quot;absolute&quot;}\" data-widget_type=\"text-editor.default\">\n\t\t\t\t<div class=\"elementor-widget-container\">\n\t\t\t\t\t\t\t\t\t<div class=\"d-inline-block p-3 rounded-circle bg-primary ani-top-bottom\"><\/div>\t\t\t\t\t\t\t\t<\/div>\n\t\t\t\t<\/div>\n\t\t\t\t<div class=\"elementor-element elementor-element-9b46102 elementor-widget__width-auto elementor-absolute elementor-widget elementor-widget-text-editor\" data-id=\"9b46102\" data-element_type=\"widget\" data-settings=\"{&quot;_position&quot;:&quot;absolute&quot;}\" data-widget_type=\"text-editor.default\">\n\t\t\t\t<div class=\"elementor-widget-container\">\n\t\t\t\t\t\t\t\t\t<div class=\"d-inline-block p-2 rounded-circle bg-secondary ani-top-bottom\"><\/div>\t\t\t\t\t\t\t\t<\/div>\n\t\t\t\t<\/div>\n\t\t\t\t<div class=\"elementor-element elementor-element-fb19b9e elementor-widget__width-auto elementor-absolute opacity1 elementor-widget elementor-widget-text-editor\" data-id=\"fb19b9e\" data-element_type=\"widget\" data-settings=\"{&quot;_position&quot;:&quot;absolute&quot;}\" data-widget_type=\"text-editor.default\">\n\t\t\t\t<div class=\"elementor-widget-container\">\n\t\t\t\t\t\t\t\t\t<div class=\"d-inline-block bg-white p-3 ani-zoomin rounded-circle\"><\/div>\t\t\t\t\t\t\t\t<\/div>\n\t\t\t\t<\/div>\n\t\t\t\t<section class=\"elementor-section elementor-inner-section elementor-element elementor-element-6a80321 elementor-section-boxed elementor-section-height-default elementor-section-height-default\" data-id=\"6a80321\" data-element_type=\"section\">\n\t\t\t\t\t\t<div class=\"elementor-container elementor-column-gap-extended\">\n\t\t\t\t\t<div class=\"elementor-column elementor-col-100 elementor-inner-column elementor-element elementor-element-52f4b38\" data-id=\"52f4b38\" data-element_type=\"column\">\n\t\t\t<div class=\"elementor-widget-wrap elementor-element-populated\">\n\t\t\t\t\t\t<div class=\"elementor-element elementor-element-d9a8bfc mb-0 elementor-widget elementor-widget-text-editor\" data-id=\"d9a8bfc\" data-element_type=\"widget\" data-widget_type=\"text-editor.default\">\n\t\t\t\t<div class=\"elementor-widget-container\">\n\t\t\t\t\t\t\t\t\t<div class=\"page-title mx-1-6 mx-lg-2-0 mx-xl-2-6 mx-xxl-2-9\"><div class=\"row\"><div class=\"col-md-12\"><h1>Trabaja con nosotros<\/h1><\/div><\/div><\/div>\t\t\t\t\t\t\t\t<\/div>\n\t\t\t\t<\/div>\n\t\t\t\t\t<\/div>\n\t\t<\/div>\n\t\t\t\t\t<\/div>\n\t\t<\/section>\n\t\t\t\t<div class=\"elementor-element elementor-element-017a2a7 elementor-widget elementor-widget-text-editor\" data-id=\"017a2a7\" data-element_type=\"widget\" data-widget_type=\"text-editor.default\">\n\t\t\t\t<div class=\"elementor-widget-container\">\n\t\t\t\t\t\t\t\t\t<p>En <b data-path-to-node=\"6,0\" data-index-in-node=\"4\">LOEN Consultora T\u00e9cnica<\/b> estamos en constante crecimiento y b\u00fasqueda de talento especializado. Si est\u00e1s buscando una oportunidad de <b data-path-to-node=\"6,0\" data-index-in-node=\"135\">empleo para peritos y tasadores<\/b>, queremos conocerte.<\/p>\t\t\t\t\t\t\t\t<\/div>\n\t\t\t\t<\/div>\n\t\t\t\t\t<\/div>\n\t\t<\/div>\n\t\t\t\t\t<\/div>\n\t\t<\/section>\n\t\t<div class=\"elementor-element elementor-element-88f877d e-con-full content-center e-flex e-con e-parent\" data-id=\"88f877d\" data-element_type=\"container\">\n\t\t\t\t<div class=\"elementor-element elementor-element-b211774 elementor-widget-mobile__width-initial elementor-widget__width-initial elementor-widget-tablet__width-initial elementor-widget elementor-widget-text-editor\" data-id=\"b211774\" data-element_type=\"widget\" data-widget_type=\"text-editor.default\">\n\t\t\t\t<div class=\"elementor-widget-container\">\n\t\t\t\t\t\t\t\t\t<h2>Trabaja con Nosotros<\/h2><p>En LOEN abrimos nuevas vacantes de <b data-path-to-node=\"3,0\" data-index-in-node=\"36\">empleo para peritos y tasadores<\/b> que busquen integrarse en un equipo t\u00e9cnico de alto nivel. Si est\u00e1s interesado en un <b data-path-to-node=\"3,0\" data-index-in-node=\"153\">empleo para peritos y tasadores<\/b> donde se aplique el rigor y la tecnolog\u00eda en cada informe, te invitamos a enviarnos tu curr\u00edculum.<\/p>\t\t\t\t\t\t\t\t<\/div>\n\t\t\t\t<\/div>\n\t\t\t\t<div class=\"elementor-element elementor-element-634ca32 elementor-widget__width-initial elementor-widget elementor-widget-shortcode\" data-id=\"634ca32\" data-element_type=\"widget\" data-widget_type=\"shortcode.default\">\n\t\t\t\t<div class=\"elementor-widget-container\">\n\t\t\t\t\t\t\t<div class=\"elementor-shortcode\">\n<div class=\"wpcf7 no-js\" id=\"wpcf7-f17528-o1\" lang=\"en-US\" dir=\"ltr\" data-wpcf7-id=\"17528\">\n<div class=\"screen-reader-response\"><p role=\"status\" aria-live=\"polite\" aria-atomic=\"true\"><\/p> <ul><\/ul><\/div>\n<form action=\"\/en\/wp-json\/wp\/v2\/pages\/16996#wpcf7-f17528-o1\" method=\"post\" class=\"wpcf7-form init\" aria-label=\"Contact form\" enctype=\"multipart\/form-data\" novalidate=\"novalidate\" data-status=\"init\" data-trp-original-action=\"\/en\/wp-json\/wp\/v2\/pages\/16996#wpcf7-f17528-o1\">\n<div style=\"display: none;\">\n<input type=\"hidden\" name=\"_wpcf7\" value=\"17528\" \/>\n<input type=\"hidden\" name=\"_wpcf7_version\" value=\"6.0.6\" \/>\n<input type=\"hidden\" name=\"_wpcf7_locale\" value=\"en_US\" \/>\n<input type=\"hidden\" name=\"_wpcf7_unit_tag\" value=\"wpcf7-f17528-o1\" \/>\n<input type=\"hidden\" name=\"_wpcf7_container_post\" value=\"0\" \/>\n<input type=\"hidden\" name=\"_wpcf7_posted_data_hash\" value=\"\" \/>\n<input type=\"hidden\" name=\"_wpcf7_recaptcha_response\" value=\"\" \/>\n<\/div>\n<style>\n .quform {\n background: #f9f9f9;\n padding: 20px;\n border-radius: 8px;\n box-shadow: 0 2px 8px rgba(0,0,0,0.1);\n font-family: Arial, sans-serif;\n }\n .quform-elements .form-group {\n margin-bottom: 15px;\n }\n .quform label {\n font-weight: bold;\n margin-bottom: 5px;\n display: block;\n }\n .quform-input input,\n .quform-input textarea {\n width: 100%;\n padding: 10px;\n border: 1px solid #ddd;\n border-radius: 4px;\n }\n .quform .quform-submit-inner {\n text-align: center;\n margin-top: 20px;\n }\n .butn {\n background: #3498db;\n color: #fff;\n border: none;\n padding: 10px 20px;\n border-radius: 4px;\n transition: background 0.3s ease;\n cursor: pointer;\n }\n .butn:hover {\n background: #2980b9;\n }\n<\/style>\n<div class=\"quform\">\n\t<div class=\"quform-elements\">\n\t\t<div class=\"row\">\n\t\t\t<div class=\"col-md-6\">\n\t\t\t\t<div class=\"quform-element form-group\">\n\t\t\t\t\t<p><label>Tu nombre <span class=\"quform-required\">*<\/span><\/label>\n\t\t\t\t\t<\/p>\n\t\t\t\t\t<div class=\"quform-input\">\n\t\t\t\t\t\t<p><span class=\"wpcf7-form-control-wrap\" data-name=\"your-name\"><input size=\"40\" maxlength=\"400\" class=\"wpcf7-form-control wpcf7-text wpcf7-validates-as-required form-control\" aria-required=\"true\" aria-invalid=\"false\" placeholder=\"Tu nombre aqu\u00ed\" value=\"\" type=\"text\" name=\"your-name\" \/><\/span>\n\t\t\t\t\t\t<\/p>\n\t\t\t\t\t<\/div>\n\t\t\t\t<\/div>\n\t\t\t<\/div>\n\t\t\t<div class=\"col-md-6\">\n\t\t\t\t<div class=\"quform-element form-group\">\n\t\t\t\t\t<p><label>Tu correo electr\u00f3nico <span class=\"quform-required\">*<\/span><\/label>\n\t\t\t\t\t<\/p>\n\t\t\t\t\t<div class=\"quform-input\">\n\t\t\t\t\t\t<p><span class=\"wpcf7-form-control-wrap\" data-name=\"your-email\"><input size=\"40\" maxlength=\"400\" class=\"wpcf7-form-control wpcf7-email wpcf7-validates-as-required wpcf7-text wpcf7-validates-as-email form-control\" aria-required=\"true\" aria-invalid=\"false\" placeholder=\"Tu correo aqu\u00ed\" value=\"\" type=\"email\" name=\"your-email\" \/><\/span>\n\t\t\t\t\t\t<\/p>\n\t\t\t\t\t<\/div>\n\t\t\t\t<\/div>\n\t\t\t<\/div>\n\t\t\t<div class=\"col-md-6\">\n\t\t\t\t<div class=\"quform-element form-group\">\n\t\t\t\t\t<p><label>N\u00famero de contacto<\/label>\n\t\t\t\t\t<\/p>\n\t\t\t\t\t<div class=\"quform-input\">\n\t\t\t\t\t\t<p><span class=\"wpcf7-form-control-wrap\" data-name=\"your-phone\"><input class=\"wpcf7-form-control wpcf7-number wpcf7-validates-as-number form-control\" aria-invalid=\"false\" placeholder=\"Tu n\u00famero de tel\u00e9fono aqu\u00ed\" value=\"\" type=\"number\" name=\"your-phone\" \/><\/span>\n\t\t\t\t\t\t<\/p>\n\t\t\t\t\t<\/div>\n\t\t\t\t<\/div>\n\t\t\t<\/div>\n\t\t\t<div class=\"col-md-6\">\n\t\t\t\t<div class=\"quform-element form-group\">\n\t\t\t\t\t<p><label>Rol <span class=\"quform-required\">*<\/span><\/label>\n\t\t\t\t\t<\/p>\n\t\t\t\t\t<div class=\"quform-input\">\n\t\t\t\t\t\t<p><span class=\"wpcf7-form-control-wrap\" data-name=\"your-role\"><select class=\"wpcf7-form-control wpcf7-select form-control\" aria-invalid=\"false\" name=\"your-role\"><option value=\"Videoperitaciones\">Videoperitaciones<\/option><option value=\"Perito\">Perito<\/option><option value=\"Perito independiente\">Perito independiente<\/option><option value=\"Administrativo\">Administrativo<\/option><\/select><\/span>\n\t\t\t\t\t\t<\/p>\n\t\t\t\t\t<\/div>\n\t\t\t\t<\/div>\n\t\t\t<\/div>\n\t\t\t<div class=\"col-md-12\">\n\t\t\t\t<div class=\"quform-element form-group\">\n\t\t\t\t\t<p><label>CV <span class=\"quform-required\">*<\/span><\/label>\n\t\t\t\t\t<\/p>\n\t\t\t\t\t<div class=\"quform-input\">\n\t\t\t\t\t\t<p><span class=\"wpcf7-form-control-wrap\" data-name=\"your-cv\"><input size=\"40\" class=\"wpcf7-form-control wpcf7-file wpcf7-validates-as-required form-control\" accept=\".pdf\" aria-required=\"true\" aria-invalid=\"false\" type=\"file\" name=\"your-cv\" \/><\/span>\n\t\t\t\t\t\t<\/p>\n\t\t\t\t\t<\/div>\n\t\t\t\t<\/div>\n\t\t\t<\/div>\n\t\t<span class=\"wpcf7-form-control-wrap recaptcha\" data-name=\"recaptcha\"><span data-sitekey=\"6Ld3nWcrAAAAAPo7ECTssTsSOY8jqzJOmnRjYaWi\" class=\"wpcf7-form-control wpcf7-recaptcha g-recaptcha\"><\/span>\r\n<noscript>\r\n\t<div class=\"grecaptcha-noscript\">\r\n\t\t<iframe src=\"https:\/\/www.google.com\/recaptcha\/api\/fallback?k=6Ld3nWcrAAAAAPo7ECTssTsSOY8jqzJOmnRjYaWi\" frameborder=\"0\" scrolling=\"no\" width=\"310\" height=\"430\">\r\n\t\t<\/iframe>\r\n\t\t<textarea name=\"g-recaptcha-response\" rows=\"3\" cols=\"40\" placeholder=\"reCaptcha Response Here\">\r\n\t\t<\/textarea>\r\n\t<\/div>\r\n<\/noscript>\r\n<\/span>\n\t\t\t<div class=\"col-md-12\">\n\t\t\t\t<div class=\"quform-submit-inner\">\n\t\t\t\t\t<p><input class=\"wpcf7-form-control wpcf7-submit has-spinner butn border-0\" type=\"submit\" value=\"Enviar mensaje\" \/>\n\t\t\t\t\t<\/p>\n\t\t\t\t<\/div>\n\t\t\t<\/div>\n\t\t<\/div>\n\t<\/div>\n<\/div><div class=\"wpcf7-response-output\" aria-hidden=\"true\"><\/div>\n<input type=\"hidden\" name=\"trp-form-language\" value=\"en\"\/><\/form>\n<\/div>\n<\/div>\n\t\t\t\t\t\t<\/div>\n\t\t\t\t<\/div>\n\t\t\t\t<\/div>\n\t\t\t\t<\/div>","protected":false},"excerpt":{"rendered":"<p>Trabaja con nosotros En LOEN Consultora T\u00e9cnica estamos en constante crecimiento y b\u00fasqueda de talento especializado. Si est\u00e1s buscando una oportunidad de empleo para peritos y tasadores, queremos conocerte. Trabaja con Nosotros En LOEN abrimos nuevas vacantes de empleo para peritos y tasadores que busquen integrarse en un equipo t\u00e9cnico de alto nivel. Si est\u00e1s [&hellip;]<\/p>","protected":false},"author":2,"featured_media":0,"parent":0,"menu_order":0,"comment_status":"closed","ping_status":"closed","template":"page-templates\/home.php","meta":{"footnotes":""},"class_list":["post-16996","page","type-page","status-publish","hentry"],"yoast_head":"<!-- This site is optimized with the Yoast SEO plugin v25.1 - https:\/\/yoast.com\/wordpress\/plugins\/seo\/ -->\n<title>Empleo para peritos y tasadores | \u00danete a LOEN Consultora<\/title>\n<meta name=\"description\" content=\"\u00bfBuscas empleo para peritos y tasadores? \u00danete al equipo de LOEN Consultora T\u00e9cnica. Buscamos profesionales.\" \/>\n<meta name=\"robots\" content=\"index, follow, max-snippet:-1, max-image-preview:large, max-video-preview:-1\" \/>\n<link rel=\"canonical\" href=\"https:\/\/loenct.com\/en\/trabaja-con-nosotros\/\" \/>\n<meta property=\"og:locale\" content=\"en_GB\" \/>\n<meta property=\"og:type\" content=\"article\" \/>\n<meta property=\"og:title\" content=\"Empleo para peritos y tasadores | \u00danete a LOEN Consultora\" \/>\n<meta property=\"og:description\" content=\"\u00bfBuscas empleo para peritos y tasadores? \u00danete al equipo de LOEN Consultora T\u00e9cnica. Buscamos profesionales.\" \/>\n<meta property=\"og:url\" content=\"https:\/\/loenct.com\/en\/trabaja-con-nosotros\/\" \/>\n<meta property=\"og:site_name\" content=\"Loen\" \/>\n<meta property=\"article:modified_time\" content=\"2026-04-10T07:22:06+00:00\" \/>\n<meta name=\"twitter:card\" content=\"summary_large_image\" \/>\n<meta name=\"twitter:label1\" content=\"Estimated reading time\" \/>\n\t<meta name=\"twitter:data1\" content=\"1 minute\" \/>\n<script type=\"application\/ld+json\" class=\"yoast-schema-graph\">{\"@context\":\"https:\/\/schema.org\",\"@graph\":[{\"@type\":\"WebPage\",\"@id\":\"https:\/\/loenct.com\/trabaja-con-nosotros\/\",\"url\":\"https:\/\/loenct.com\/trabaja-con-nosotros\/\",\"name\":\"Empleo para peritos y tasadores | \u00danete a LOEN Consultora\",\"isPartOf\":{\"@id\":\"https:\/\/loenct.com\/#website\"},\"datePublished\":\"2025-04-03T11:50:08+00:00\",\"dateModified\":\"2026-04-10T07:22:06+00:00\",\"description\":\"\u00bfBuscas empleo para peritos y tasadores? \u00danete al equipo de LOEN Consultora T\u00e9cnica. Buscamos profesionales.\",\"breadcrumb\":{\"@id\":\"https:\/\/loenct.com\/trabaja-con-nosotros\/#breadcrumb\"},\"inLanguage\":\"en-GB\",\"potentialAction\":[{\"@type\":\"ReadAction\",\"target\":[\"https:\/\/loenct.com\/trabaja-con-nosotros\/\"]}]},{\"@type\":\"BreadcrumbList\",\"@id\":\"https:\/\/loenct.com\/trabaja-con-nosotros\/#breadcrumb\",\"itemListElement\":[{\"@type\":\"ListItem\",\"position\":1,\"name\":\"Portada\",\"item\":\"https:\/\/loenct.com\/\"},{\"@type\":\"ListItem\",\"position\":2,\"name\":\"Trabaja con Nosotros\"}]},{\"@type\":\"WebSite\",\"@id\":\"https:\/\/loenct.com\/#website\",\"url\":\"https:\/\/loenct.com\/\",\"name\":\"Loen\",\"description\":\"Consultora t\u00e9cnica\",\"publisher\":{\"@id\":\"https:\/\/loenct.com\/#organization\"},\"potentialAction\":[{\"@type\":\"SearchAction\",\"target\":{\"@type\":\"EntryPoint\",\"urlTemplate\":\"https:\/\/loenct.com\/?s={search_term_string}\"},\"query-input\":{\"@type\":\"PropertyValueSpecification\",\"valueRequired\":true,\"valueName\":\"search_term_string\"}}],\"inLanguage\":\"en-GB\"},{\"@type\":\"Organization\",\"@id\":\"https:\/\/loenct.com\/#organization\",\"name\":\"Loen\",\"url\":\"https:\/\/loenct.com\/\",\"logo\":{\"@type\":\"ImageObject\",\"inLanguage\":\"en-GB\",\"@id\":\"https:\/\/loenct.com\/#\/schema\/logo\/image\/\",\"url\":\"https:\/\/loenct.com\/wp-content\/uploads\/2025\/03\/cropped-003.png\",\"contentUrl\":\"https:\/\/loenct.com\/wp-content\/uploads\/2025\/03\/cropped-003.png\",\"width\":352,\"height\":179,\"caption\":\"Loen\"},\"image\":{\"@id\":\"https:\/\/loenct.com\/#\/schema\/logo\/image\/\"}}]}<\/script>\n<!-- \/ Yoast SEO plugin. -->","yoast_head_json":{"title":"Empleo para peritos y tasadores | \u00danete a LOEN Consultora","description":"\u00bfBuscas empleo para peritos y tasadores? \u00danete al equipo de LOEN Consultora T\u00e9cnica. Buscamos profesionales.","robots":{"index":"index","follow":"follow","max-snippet":"max-snippet:-1","max-image-preview":"max-image-preview:large","max-video-preview":"max-video-preview:-1"},"canonical":"https:\/\/loenct.com\/en\/trabaja-con-nosotros\/","og_locale":"en_GB","og_type":"article","og_title":"Empleo para peritos y tasadores | \u00danete a LOEN Consultora","og_description":"\u00bfBuscas empleo para peritos y tasadores? \u00danete al equipo de LOEN Consultora T\u00e9cnica. Buscamos profesionales.","og_url":"https:\/\/loenct.com\/en\/trabaja-con-nosotros\/","og_site_name":"Loen","article_modified_time":"2026-04-10T07:22:06+00:00","twitter_card":"summary_large_image","twitter_misc":{"Estimated reading time":"1 minute"},"schema":{"@context":"https:\/\/schema.org","@graph":[{"@type":"WebPage","@id":"https:\/\/loenct.com\/trabaja-con-nosotros\/","url":"https:\/\/loenct.com\/trabaja-con-nosotros\/","name":"Empleo para peritos y tasadores | \u00danete a LOEN Consultora","isPartOf":{"@id":"https:\/\/loenct.com\/#website"},"datePublished":"2025-04-03T11:50:08+00:00","dateModified":"2026-04-10T07:22:06+00:00","description":"\u00bfBuscas empleo para peritos y tasadores? \u00danete al equipo de LOEN Consultora T\u00e9cnica. Buscamos profesionales.","breadcrumb":{"@id":"https:\/\/loenct.com\/trabaja-con-nosotros\/#breadcrumb"},"inLanguage":"en-GB","potentialAction":[{"@type":"ReadAction","target":["https:\/\/loenct.com\/trabaja-con-nosotros\/"]}]},{"@type":"BreadcrumbList","@id":"https:\/\/loenct.com\/trabaja-con-nosotros\/#breadcrumb","itemListElement":[{"@type":"ListItem","position":1,"name":"Portada","item":"https:\/\/loenct.com\/"},{"@type":"ListItem","position":2,"name":"Trabaja con Nosotros"}]},{"@type":"WebSite","@id":"https:\/\/loenct.com\/#website","url":"https:\/\/loenct.com\/","name":"Loen","description":"Consultora t\u00e9cnica","publisher":{"@id":"https:\/\/loenct.com\/#organization"},"potentialAction":[{"@type":"SearchAction","target":{"@type":"EntryPoint","urlTemplate":"https:\/\/loenct.com\/?s={search_term_string}"},"query-input":{"@type":"PropertyValueSpecification","valueRequired":true,"valueName":"search_term_string"}}],"inLanguage":"en-GB"},{"@type":"Organization","@id":"https:\/\/loenct.com\/#organization","name":"Loen","url":"https:\/\/loenct.com\/","logo":{"@type":"ImageObject","inLanguage":"en-GB","@id":"https:\/\/loenct.com\/#\/schema\/logo\/image\/","url":"https:\/\/loenct.com\/wp-content\/uploads\/2025\/03\/cropped-003.png","contentUrl":"https:\/\/loenct.com\/wp-content\/uploads\/2025\/03\/cropped-003.png","width":352,"height":179,"caption":"Loen"},"image":{"@id":"https:\/\/loenct.com\/#\/schema\/logo\/image\/"}}]}},"_links":{"self":[{"href":"https:\/\/loenct.com\/en\/wp-json\/wp\/v2\/pages\/16996","targetHints":{"allow":["GET"]}}],"collection":[{"href":"https:\/\/loenct.com\/en\/wp-json\/wp\/v2\/pages"}],"about":[{"href":"https:\/\/loenct.com\/en\/wp-json\/wp\/v2\/types\/page"}],"author":[{"embeddable":true,"href":"https:\/\/loenct.com\/en\/wp-json\/wp\/v2\/users\/2"}],"replies":[{"embeddable":true,"href":"https:\/\/loenct.com\/en\/wp-json\/wp\/v2\/comments?post=16996"}],"version-history":[{"count":102,"href":"https:\/\/loenct.com\/en\/wp-json\/wp\/v2\/pages\/16996\/revisions"}],"predecessor-version":[{"id":18023,"href":"https:\/\/loenct.com\/en\/wp-json\/wp\/v2\/pages\/16996\/revisions\/18023"}],"wp:attachment":[{"href":"https:\/\/loenct.com\/en\/wp-json\/wp\/v2\/media?parent=16996"}],"curies":[{"name":"wp","href":"https:\/\/api.w.org\/{rel}","templated":true}]}}