{"id":16838,"date":"2025-04-02T11:41:51","date_gmt":"2025-04-02T11:41:51","guid":{"rendered":"https:\/\/loenct.com\/?page_id=16838"},"modified":"2026-04-10T07:50:31","modified_gmt":"2026-04-10T07:50:31","slug":"contacto","status":"publish","type":"page","link":"https:\/\/loenct.com\/en\/contacto\/","title":{"rendered":"Contacto"},"content":{"rendered":"<div data-elementor-type=\"wp-page\" data-elementor-id=\"16838\" class=\"elementor elementor-16838\">\n\t\t\t\t\t\t<section class=\"elementor-section elementor-top-section elementor-element elementor-element-5724625 elementor-section-full_width elementor-section-stretched page-title-section elementor-section-height-default elementor-section-height-default\" data-id=\"5724625\" data-element_type=\"section\" data-settings=\"{&quot;stretch_section&quot;:&quot;section-stretched&quot;,&quot;background_background&quot;:&quot;classic&quot;}\">\n\t\t\t\t\t\t\t<div class=\"elementor-background-overlay\"><\/div>\n\t\t\t\t\t\t\t<div class=\"elementor-container elementor-column-gap-no\">\n\t\t\t\t\t<div class=\"elementor-column elementor-col-100 elementor-top-column elementor-element elementor-element-1c37517\" data-id=\"1c37517\" data-element_type=\"column\">\n\t\t\t<div class=\"elementor-widget-wrap elementor-element-populated\">\n\t\t\t\t\t\t<div class=\"elementor-element elementor-element-920bf9b elementor-widget__width-auto elementor-absolute elementor-widget elementor-widget-text-editor\" data-id=\"920bf9b\" data-element_type=\"widget\" data-settings=\"{&quot;_position&quot;:&quot;absolute&quot;}\" data-widget_type=\"text-editor.default\">\n\t\t\t\t<div class=\"elementor-widget-container\">\n\t\t\t\t\t\t\t\t\t<div class=\"d-inline-block p-3 rounded-circle bg-primary ani-top-bottom\"><\/div>\t\t\t\t\t\t\t\t<\/div>\n\t\t\t\t<\/div>\n\t\t\t\t<div class=\"elementor-element elementor-element-9b46102 elementor-widget__width-auto elementor-absolute elementor-widget elementor-widget-text-editor\" data-id=\"9b46102\" data-element_type=\"widget\" data-settings=\"{&quot;_position&quot;:&quot;absolute&quot;}\" data-widget_type=\"text-editor.default\">\n\t\t\t\t<div class=\"elementor-widget-container\">\n\t\t\t\t\t\t\t\t\t<div class=\"d-inline-block p-2 rounded-circle bg-secondary ani-top-bottom\"><\/div>\t\t\t\t\t\t\t\t<\/div>\n\t\t\t\t<\/div>\n\t\t\t\t<div class=\"elementor-element elementor-element-fb19b9e elementor-widget__width-auto elementor-absolute opacity1 elementor-widget elementor-widget-text-editor\" data-id=\"fb19b9e\" data-element_type=\"widget\" data-settings=\"{&quot;_position&quot;:&quot;absolute&quot;}\" data-widget_type=\"text-editor.default\">\n\t\t\t\t<div class=\"elementor-widget-container\">\n\t\t\t\t\t\t\t\t\t<div class=\"d-inline-block bg-white p-3 ani-zoomin rounded-circle\"><\/div>\t\t\t\t\t\t\t\t<\/div>\n\t\t\t\t<\/div>\n\t\t\t\t<section class=\"elementor-section elementor-inner-section elementor-element elementor-element-6a80321 elementor-section-boxed elementor-section-height-default elementor-section-height-default\" data-id=\"6a80321\" data-element_type=\"section\">\n\t\t\t\t\t\t<div class=\"elementor-container elementor-column-gap-extended\">\n\t\t\t\t\t<div class=\"elementor-column elementor-col-100 elementor-inner-column elementor-element elementor-element-52f4b38\" data-id=\"52f4b38\" data-element_type=\"column\">\n\t\t\t<div class=\"elementor-widget-wrap elementor-element-populated\">\n\t\t\t\t\t\t<div class=\"elementor-element elementor-element-d9a8bfc mb-0 elementor-widget elementor-widget-text-editor\" data-id=\"d9a8bfc\" data-element_type=\"widget\" data-widget_type=\"text-editor.default\">\n\t\t\t\t<div class=\"elementor-widget-container\">\n\t\t\t\t\t\t\t\t\t<div class=\"page-title mx-1-6 mx-lg-2-0 mx-xl-2-6 mx-xxl-2-9\"><div class=\"row\"><div class=\"col-md-12\"><h1>Contacto<\/h1><\/div><\/div><\/div>\t\t\t\t\t\t\t\t<\/div>\n\t\t\t\t<\/div>\n\t\t\t\t\t<\/div>\n\t\t<\/div>\n\t\t\t\t\t<\/div>\n\t\t<\/section>\n\t\t\t\t<div class=\"elementor-element elementor-element-e3816ae elementor-widget elementor-widget-text-editor\" data-id=\"e3816ae\" data-element_type=\"widget\" data-widget_type=\"text-editor.default\">\n\t\t\t\t<div class=\"elementor-widget-container\">\n\t\t\t\t\t\t\t\t\t<p style=\"color: #91487C00;\">Si busca <b data-path-to-node=\"6,0\" data-index-in-node=\"10\">contactar con gabinete de peritaciones<\/b> con amplia experiencia y rigor t\u00e9cnico, ha llegado al lugar indicado. En <b data-path-to-node=\"6,0\" data-index-in-node=\"122\">LOEN<\/b> entendemos que la rapidez y la precisi\u00f3n son fundamentales a la hora de solicitar un informe pericial o una valoraci\u00f3n de activos.<p>\t\t\t\t\t\t\t\t<\/div>\n\t\t\t\t<\/div>\n\t\t\t\t\t<\/div>\n\t\t<\/div>\n\t\t\t\t\t<\/div>\n\t\t<\/section>\n\t\t<div class=\"elementor-element elementor-element-d00187c e-flex e-con-boxed e-con e-parent\" data-id=\"d00187c\" data-element_type=\"container\">\n\t\t\t\t\t<div class=\"e-con-inner\">\n\t\t\t\t<div class=\"elementor-element elementor-element-531147c mb-0 elementor-widget elementor-widget-text-editor\" data-id=\"531147c\" data-element_type=\"widget\" data-widget_type=\"text-editor.default\">\n\t\t\t\t<div class=\"elementor-widget-container\">\n\t\t\t\t\t\t\t\t\t<div class=\"title-style2 mb-2-2\">\n<h2>Cont\u00e1ctanos<\/h2>\n<div class=\"elementor-element elementor-element-7edab15 e-con-full e-flex qodef-elementor-content-no e-con e-parent e-lazyloaded\" data-id=\"7edab15\" data-element_type=\"container\">\n<div class=\"elementor-element elementor-element-1402e4b elementor-widget__width-initial elementor-widget elementor-widget-text-editor\" data-id=\"1402e4b\" data-element_type=\"widget\" data-widget_type=\"text-editor.default\">\n<div class=\"elementor-widget-container\">\n<p>\u00bfTienes alguna duda o quieres preguntarnos algo? Cont\u00e1ctanos, estaremos encantados de ayudarte.<\/p><\/div><\/div><\/div>\n<\/div>\t\t\t\t\t\t\t\t<\/div>\n\t\t\t\t<\/div>\n\t\t\t\t\t<\/div>\n\t\t\t\t<\/div>\n\t\t<div class=\"elementor-element elementor-element-88f877d e-con-full e-flex e-con e-parent\" data-id=\"88f877d\" data-element_type=\"container\">\n\t\t<div class=\"elementor-element elementor-element-e038314 e-con-full e-flex elementor-invisible e-con e-child\" data-id=\"e038314\" data-element_type=\"container\" data-settings=\"{&quot;animation&quot;:&quot;fadeInUp&quot;,&quot;animation_delay&quot;:200}\">\n\t\t\t\t<div class=\"elementor-element elementor-element-1fe4356 elementor-position-left elementor-widget__width-inherit elementor-view-default elementor-mobile-position-top elementor-vertical-align-top elementor-widget elementor-widget-icon-box\" data-id=\"1fe4356\" data-element_type=\"widget\" data-widget_type=\"icon-box.default\">\n\t\t\t\t<div class=\"elementor-widget-container\">\n\t\t\t\t\t\t\t<div class=\"elementor-icon-box-wrapper\">\n\n\t\t\t\t\t\t<div class=\"elementor-icon-box-icon\">\n\t\t\t\t<span  class=\"elementor-icon\">\n\t\t\t\t<svg aria-hidden=\"true\" class=\"e-font-icon-svg e-fas-map-marker-alt\" viewbox=\"0 0 384 512\" xmlns=\"http:\/\/www.w3.org\/2000\/svg\"><path d=\"M172.268 501.67C26.97 291.031 0 269.413 0 192 0 85.961 85.961 0 192 0s192 85.961 192 192c0 77.413-26.97 99.031-172.268 309.67-9.535 13.774-29.93 13.773-39.464 0zM192 272c44.183 0 80-35.817 80-80s-35.817-80-80-80-80 35.817-80 80 35.817 80 80 80z\"><\/path><\/svg>\t\t\t\t<\/span>\n\t\t\t<\/div>\n\t\t\t\n\t\t\t\t\t\t<div class=\"elementor-icon-box-content\">\n\n\t\t\t\t\t\t\t\t\t<h3 class=\"elementor-icon-box-title\">\n\t\t\t\t\t\t<span  >\n\t\t\t\t\t\t\tUbicaci\u00f3n\t\t\t\t\t\t<\/span>\n\t\t\t\t\t<\/h3>\n\t\t\t\t\n\t\t\t\t\t\t\t\t\t<p class=\"elementor-icon-box-description\">\n\t\t\t\t\t\tCalle de la Industria 4C \u2013 Oficina 1-8\n\nJerez de la Frontera \u2013 11407\t\t\t\t\t<\/p>\n\t\t\t\t\n\t\t\t<\/div>\n\t\t\t\n\t\t<\/div>\n\t\t\t\t\t\t<\/div>\n\t\t\t\t<\/div>\n\t\t\t\t<div class=\"elementor-element elementor-element-36e72a1 elementor-position-left elementor-widget__width-inherit elementor-view-default elementor-mobile-position-top elementor-vertical-align-top elementor-widget elementor-widget-icon-box\" data-id=\"36e72a1\" data-element_type=\"widget\" data-widget_type=\"icon-box.default\">\n\t\t\t\t<div class=\"elementor-widget-container\">\n\t\t\t\t\t\t\t<div class=\"elementor-icon-box-wrapper\">\n\n\t\t\t\t\t\t<div class=\"elementor-icon-box-icon\">\n\t\t\t\t<a href=\"tel:+34-646-08-76-73\" class=\"elementor-icon\" tabindex=\"-1\" aria-label=\"Tel\u00e9fono\">\n\t\t\t\t<svg aria-hidden=\"true\" class=\"e-font-icon-svg e-fas-phone-alt\" viewbox=\"0 0 512 512\" xmlns=\"http:\/\/www.w3.org\/2000\/svg\"><path d=\"M497.39 361.8l-112-48a24 24 0 0 0-28 6.9l-49.6 60.6A370.66 370.66 0 0 1 130.6 204.11l60.6-49.6a23.94 23.94 0 0 0 6.9-28l-48-112A24.16 24.16 0 0 0 122.6.61l-104 24A24 24 0 0 0 0 48c0 256.5 207.9 464 464 464a24 24 0 0 0 23.4-18.6l24-104a24.29 24.29 0 0 0-14.01-27.6z\"><\/path><\/svg>\t\t\t\t<\/a>\n\t\t\t<\/div>\n\t\t\t\n\t\t\t\t\t\t<div class=\"elementor-icon-box-content\">\n\n\t\t\t\t\t\t\t\t\t<h3 class=\"elementor-icon-box-title\">\n\t\t\t\t\t\t<a href=\"tel:+34-646-08-76-73\" >\n\t\t\t\t\t\t\tTel\u00e9fono\t\t\t\t\t\t<\/a>\n\t\t\t\t\t<\/h3>\n\t\t\t\t\n\t\t\t\t\t\t\t\t\t<p class=\"elementor-icon-box-description\">\n\t\t\t\t\t\t+34 646 08 76 73\t\t\t\t\t<\/p>\n\t\t\t\t\n\t\t\t<\/div>\n\t\t\t\n\t\t<\/div>\n\t\t\t\t\t\t<\/div>\n\t\t\t\t<\/div>\n\t\t\t\t<div class=\"elementor-element elementor-element-6a1f4ec elementor-position-left elementor-widget__width-inherit elementor-view-default elementor-mobile-position-top elementor-vertical-align-top elementor-widget elementor-widget-icon-box\" data-id=\"6a1f4ec\" data-element_type=\"widget\" data-widget_type=\"icon-box.default\">\n\t\t\t\t<div class=\"elementor-widget-container\">\n\t\t\t\t\t\t\t<div class=\"elementor-icon-box-wrapper\">\n\n\t\t\t\t\t\t<div class=\"elementor-icon-box-icon\">\n\t\t\t\t<a href=\"mailto:info@loenct.com\" class=\"elementor-icon\" tabindex=\"-1\" aria-label=\"Correo electr\u00f3nico\">\n\t\t\t\t<svg aria-hidden=\"true\" class=\"e-font-icon-svg e-fas-map-marker-alt\" viewbox=\"0 0 384 512\" xmlns=\"http:\/\/www.w3.org\/2000\/svg\"><path d=\"M172.268 501.67C26.97 291.031 0 269.413 0 192 0 85.961 85.961 0 192 0s192 85.961 192 192c0 77.413-26.97 99.031-172.268 309.67-9.535 13.774-29.93 13.773-39.464 0zM192 272c44.183 0 80-35.817 80-80s-35.817-80-80-80-80 35.817-80 80 35.817 80 80 80z\"><\/path><\/svg>\t\t\t\t<\/a>\n\t\t\t<\/div>\n\t\t\t\n\t\t\t\t\t\t<div class=\"elementor-icon-box-content\">\n\n\t\t\t\t\t\t\t\t\t<h3 class=\"elementor-icon-box-title\">\n\t\t\t\t\t\t<a href=\"mailto:info@loenct.com\" >\n\t\t\t\t\t\t\tCorreo electr\u00f3nico\t\t\t\t\t\t<\/a>\n\t\t\t\t\t<\/h3>\n\t\t\t\t\n\t\t\t\t\t\t\t\t\t<p class=\"elementor-icon-box-description\">\n\t\t\t\t\t\tinfo@loenct.com\t\t\t\t\t<\/p>\n\t\t\t\t\n\t\t\t<\/div>\n\t\t\t\n\t\t<\/div>\n\t\t\t\t\t\t<\/div>\n\t\t\t\t<\/div>\n\t\t\t\t<\/div>\n\t\t<div class=\"elementor-element elementor-element-bc4a551 e-con-full e-flex elementor-invisible e-con e-child\" data-id=\"bc4a551\" data-element_type=\"container\" data-settings=\"{&quot;animation&quot;:&quot;fadeIn&quot;,&quot;animation_delay&quot;:400}\">\n\t\t<div class=\"elementor-element elementor-element-3ebf18a e-con-full e-flex e-con e-child\" data-id=\"3ebf18a\" data-element_type=\"container\">\n\t\t<div class=\"elementor-element elementor-element-88b99a1 contact-form p-4 p-md-5 ms-xl-3 e-con-full e-flex e-con e-child\" data-id=\"88b99a1\" data-element_type=\"container\">\n\t\t\t\t<div class=\"elementor-element elementor-element-287597e elementor-widget elementor-widget-shortcode\" data-id=\"287597e\" data-element_type=\"widget\" data-widget_type=\"shortcode.default\">\n\t\t\t\t<div class=\"elementor-widget-container\">\n\t\t\t\t\t\t\t<div class=\"elementor-shortcode\">\n<div class=\"wpcf7 no-js\" id=\"wpcf7-f16846-o1\" lang=\"en-US\" dir=\"ltr\" data-wpcf7-id=\"16846\">\n<div class=\"screen-reader-response\"><p role=\"status\" aria-live=\"polite\" aria-atomic=\"true\"><\/p> <ul><\/ul><\/div>\n<form action=\"\/en\/wp-json\/wp\/v2\/pages\/16838#wpcf7-f16846-o1\" method=\"post\" class=\"wpcf7-form init\" aria-label=\"Contact form\" novalidate=\"novalidate\" data-status=\"init\" data-trp-original-action=\"\/en\/wp-json\/wp\/v2\/pages\/16838#wpcf7-f16846-o1\">\n<div style=\"display: none;\">\n<input type=\"hidden\" name=\"_wpcf7\" value=\"16846\" \/>\n<input type=\"hidden\" name=\"_wpcf7_version\" value=\"6.0.6\" \/>\n<input type=\"hidden\" name=\"_wpcf7_locale\" value=\"en_US\" \/>\n<input type=\"hidden\" name=\"_wpcf7_unit_tag\" value=\"wpcf7-f16846-o1\" \/>\n<input type=\"hidden\" name=\"_wpcf7_container_post\" value=\"0\" \/>\n<input type=\"hidden\" name=\"_wpcf7_posted_data_hash\" value=\"\" \/>\n<input type=\"hidden\" name=\"_wpcf7_recaptcha_response\" value=\"\" \/>\n<\/div>\n<style>\n .quform {\n background: #f9f9f9;\n padding: 20px;\n border-radius: 8px;\n box-shadow: 0 2px 8px rgba(0,0,0,0.1);\n font-family: Arial, sans-serif;\n }\n .quform-elements .form-group {\n margin-bottom: 15px;\n }\n .quform label {\n font-weight: bold;\n margin-bottom: 5px;\n display: block;\n }\n .quform-input input,\n .quform-input textarea {\n width: 100%;\n padding: 10px;\n border: 1px solid #ddd;\n border-radius: 4px;\n }\n .quform .quform-submit-inner {\n text-align: center;\n margin-top: 20px;\n }\n .butn {\n background: #3498db;\n color: #fff;\n border: none;\n padding: 10px 20px;\n border-radius: 4px;\n transition: background 0.3s ease;\n cursor: pointer;\n }\n .butn:hover {\n background: #2980b9;\n }\n<\/style>\n<div class=\"quform\">\n\t<div class=\"quform-elements\">\n\t\t<div class=\"row\">\n\t\t\t<div class=\"col-md-6\">\n\t\t\t\t<div class=\"quform-element form-group\">\n\t\t\t\t\t<p><label>Tu nombre <span class=\"quform-required\">*<\/span><\/label>\n\t\t\t\t\t<\/p>\n\t\t\t\t\t<div class=\"quform-input\">\n\t\t\t\t\t\t<p><span class=\"wpcf7-form-control-wrap\" data-name=\"your-name\"><input size=\"40\" maxlength=\"400\" class=\"wpcf7-form-control wpcf7-text wpcf7-validates-as-required form-control\" aria-required=\"true\" aria-invalid=\"false\" placeholder=\"Tu nombre aqu\u00ed\" value=\"\" type=\"text\" name=\"your-name\" \/><\/span>\n\t\t\t\t\t\t<\/p>\n\t\t\t\t\t<\/div>\n\t\t\t\t<\/div>\n\t\t\t<\/div>\n\t\t\t<div class=\"col-md-6\">\n\t\t\t\t<div class=\"quform-element form-group\">\n\t\t\t\t\t<p><label>Tu correo electr\u00f3nico <span class=\"quform-required\">*<\/span><\/label>\n\t\t\t\t\t<\/p>\n\t\t\t\t\t<div class=\"quform-input\">\n\t\t\t\t\t\t<p><span class=\"wpcf7-form-control-wrap\" data-name=\"your-email\"><input size=\"40\" maxlength=\"400\" class=\"wpcf7-form-control wpcf7-email wpcf7-validates-as-required wpcf7-text wpcf7-validates-as-email form-control\" aria-required=\"true\" aria-invalid=\"false\" placeholder=\"Tu correo aqu\u00ed\" value=\"\" type=\"email\" name=\"your-email\" \/><\/span>\n\t\t\t\t\t\t<\/p>\n\t\t\t\t\t<\/div>\n\t\t\t\t<\/div>\n\t\t\t<\/div>\n\t\t\t<div class=\"col-md-6\">\n\t\t\t\t<div class=\"quform-element form-group\">\n\t\t\t\t\t<p><label>Tu asunto <span class=\"quform-required\">*<\/span><\/label>\n\t\t\t\t\t<\/p>\n\t\t\t\t\t<div class=\"quform-input\">\n\t\t\t\t\t\t<p><span class=\"wpcf7-form-control-wrap\" data-name=\"your-subject\"><input size=\"40\" maxlength=\"400\" class=\"wpcf7-form-control wpcf7-text wpcf7-validates-as-required form-control\" aria-required=\"true\" aria-invalid=\"false\" placeholder=\"Tu asunto aqu\u00ed\" value=\"\" type=\"text\" name=\"your-subject\" \/><\/span>\n\t\t\t\t\t\t<\/p>\n\t\t\t\t\t<\/div>\n\t\t\t\t<\/div>\n\t\t\t<\/div>\n\t\t\t<div class=\"col-md-6\">\n\t\t\t\t<div class=\"quform-element form-group\">\n\t\t\t\t\t<p><label>N\u00famero de contacto<\/label>\n\t\t\t\t\t<\/p>\n\t\t\t\t\t<div class=\"quform-input\">\n\t\t\t\t\t\t<p><span class=\"wpcf7-form-control-wrap\" data-name=\"tel-787\"><input size=\"40\" maxlength=\"400\" class=\"wpcf7-form-control wpcf7-tel wpcf7-text wpcf7-validates-as-tel form-control\" aria-invalid=\"false\" placeholder=\"Tu n\u00famero de tel\u00e9fono aqu\u00ed\" value=\"\" type=\"tel\" name=\"tel-787\" \/><\/span>\n\t\t\t\t\t\t<\/p>\n\t\t\t\t\t<\/div>\n\t\t\t\t<\/div>\n\t\t\t<\/div>\n\t\t\t<div class=\"col-md-12\">\n\t\t\t\t<div class=\"quform-element form-group\">\n\t\t\t\t\t<p><label>Mensaje <span class=\"quform-required\">*<\/span><\/label>\n\t\t\t\t\t<\/p>\n\t\t\t\t\t<div class=\"quform-input\">\n\t\t\t\t\t\t<p><span class=\"wpcf7-form-control-wrap\" data-name=\"your-message\"><textarea cols=\"40\" rows=\"6\" maxlength=\"2000\" class=\"wpcf7-form-control wpcf7-textarea wpcf7-validates-as-required form-control\" aria-required=\"true\" aria-invalid=\"false\" placeholder=\"Cu\u00e9ntanos unas palabras\" name=\"your-message\"><\/textarea><\/span>\n\t\t\t\t\t\t<\/p>\n\t\t\t\t\t<\/div>\n\t\t\t\t<\/div>\n\t\t\t<\/div>\n\t\t<span class=\"wpcf7-form-control-wrap recaptcha\" data-name=\"recaptcha\"><span data-sitekey=\"6Ld3nWcrAAAAAPo7ECTssTsSOY8jqzJOmnRjYaWi\" class=\"wpcf7-form-control wpcf7-recaptcha g-recaptcha\"><\/span>\r\n<noscript>\r\n\t<div class=\"grecaptcha-noscript\">\r\n\t\t<iframe src=\"https:\/\/www.google.com\/recaptcha\/api\/fallback?k=6Ld3nWcrAAAAAPo7ECTssTsSOY8jqzJOmnRjYaWi\" frameborder=\"0\" scrolling=\"no\" width=\"310\" height=\"430\">\r\n\t\t<\/iframe>\r\n\t\t<textarea name=\"g-recaptcha-response\" rows=\"3\" cols=\"40\" placeholder=\"reCaptcha Response Here\">\r\n\t\t<\/textarea>\r\n\t<\/div>\r\n<\/noscript>\r\n<\/span>\n\t\t\t<div class=\"col-md-12\">\n\t\t\t\t<div class=\"quform-submit-inner\">\n\t\t\t\t\t<p><input class=\"wpcf7-form-control wpcf7-submit has-spinner butn border-0\" type=\"submit\" value=\"Enviar mensaje\" \/>\n\t\t\t\t\t<\/p>\n\t\t\t\t<\/div>\n\t\t\t<\/div>\n\t\t<\/div>\n\t<\/div>\n<\/div><div class=\"wpcf7-response-output\" aria-hidden=\"true\"><\/div>\n<input type=\"hidden\" name=\"trp-form-language\" value=\"en\"\/><\/form>\n<\/div>\n<\/div>\n\t\t\t\t\t\t<\/div>\n\t\t\t\t<\/div>\n\t\t\t\t<\/div>\n\t\t\t\t<\/div>\n\t\t\t\t<\/div>\n\t\t\t\t<\/div>\n\t\t\t\t<section class=\"elementor-section elementor-top-section elementor-element elementor-element-b95eb8b elementor-section-full_width elementor-section-height-default elementor-section-height-default\" data-id=\"b95eb8b\" data-element_type=\"section\">\n\t\t\t\t\t\t<div class=\"elementor-container elementor-column-gap-no\">\n\t\t\t\t\t<div class=\"elementor-column elementor-col-100 elementor-top-column elementor-element elementor-element-a48d76b\" data-id=\"a48d76b\" data-element_type=\"column\">\n\t\t\t<div class=\"elementor-widget-wrap elementor-element-populated\">\n\t\t\t\t\t\t<div class=\"elementor-element elementor-element-9b358e9 elementor-widget elementor-widget-html\" data-id=\"9b358e9\" data-element_type=\"widget\" data-widget_type=\"html.default\">\n\t\t\t\t<div class=\"elementor-widget-container\">\n\t\t\t\t\t<iframe src=\"https:\/\/www.google.com\/maps\/embed?pb=!1m18!1m12!1m3!1d3198.568793484302!2d-6.120134023546125!3d36.70889857227322!2m3!1f0!2f0!3f0!3m2!1i1024!2i768!4f13.1!3m3!1m2!1s0xd0dc6d30f7ff2ad%3A0xce835e305552eb97!2sC.%20de%20la%20Industria%2C%204c%2C%20Oficina%201-8%2C%2011407%20Jerez%20de%20la%20Frontera%2C%20C%C3%A1diz!5e0!3m2!1ses!2ses!4v1743594766395!5m2!1ses!2ses\" width=\"600\" height=\"450\" style=\"border:0;\" allowfullscreen=\"\" loading=\"lazy\" referrerpolicy=\"no-referrer-when-downgrade\"><\/iframe>\t\t\t\t<\/div>\n\t\t\t\t<\/div>\n\t\t\t\t\t<\/div>\n\t\t<\/div>\n\t\t\t\t\t<\/div>\n\t\t<\/section>\n\t\t\t\t<\/div>","protected":false},"excerpt":{"rendered":"<p>Contacto Si busca contactar con gabinete de peritaciones con amplia experiencia y rigor t\u00e9cnico, ha llegado al lugar indicado. En LOEN entendemos que la rapidez y la precisi\u00f3n son fundamentales a la hora de solicitar un informe pericial o una valoraci\u00f3n de activos. Cont\u00e1ctanos \u00bfTienes alguna duda o quieres preguntarnos algo? Cont\u00e1ctanos, estaremos encantados de [&hellip;]<\/p>","protected":false},"author":2,"featured_media":0,"parent":0,"menu_order":0,"comment_status":"closed","ping_status":"closed","template":"page-templates\/home.php","meta":{"footnotes":""},"class_list":["post-16838","page","type-page","status-publish","hentry"],"yoast_head":"<!-- This site is optimized with the Yoast SEO plugin v25.1 - https:\/\/yoast.com\/wordpress\/plugins\/seo\/ -->\n<title>Contactar con Gabinete de Peritaciones - LOEN<\/title>\n<meta name=\"description\" content=\"\u00bfNecesita contactar con gabinete de peritaciones profesional? En LOEN estamos listos para ayudarle con sus informes y tasaciones.\" \/>\n<meta name=\"robots\" content=\"index, follow, max-snippet:-1, max-image-preview:large, max-video-preview:-1\" \/>\n<link rel=\"canonical\" href=\"https:\/\/loenct.com\/en\/contacto\/\" \/>\n<meta property=\"og:locale\" content=\"en_GB\" \/>\n<meta property=\"og:type\" content=\"article\" \/>\n<meta property=\"og:title\" content=\"Contactar con Gabinete de Peritaciones - LOEN\" \/>\n<meta property=\"og:description\" content=\"\u00bfNecesita contactar con gabinete de peritaciones profesional? En LOEN estamos listos para ayudarle con sus informes y tasaciones.\" \/>\n<meta property=\"og:url\" content=\"https:\/\/loenct.com\/en\/contacto\/\" \/>\n<meta property=\"og:site_name\" content=\"Loen\" \/>\n<meta property=\"article:modified_time\" content=\"2026-04-10T07:50:31+00:00\" \/>\n<meta name=\"twitter:card\" content=\"summary_large_image\" \/>\n<meta name=\"twitter:label1\" content=\"Estimated reading time\" \/>\n\t<meta name=\"twitter:data1\" content=\"1 minute\" \/>\n<script type=\"application\/ld+json\" class=\"yoast-schema-graph\">{\"@context\":\"https:\/\/schema.org\",\"@graph\":[{\"@type\":\"WebPage\",\"@id\":\"https:\/\/loenct.com\/contacto\/\",\"url\":\"https:\/\/loenct.com\/contacto\/\",\"name\":\"Contactar con Gabinete de Peritaciones - LOEN\",\"isPartOf\":{\"@id\":\"https:\/\/loenct.com\/#website\"},\"datePublished\":\"2025-04-02T11:41:51+00:00\",\"dateModified\":\"2026-04-10T07:50:31+00:00\",\"description\":\"\u00bfNecesita contactar con gabinete de peritaciones profesional? En LOEN estamos listos para ayudarle con sus informes y tasaciones.\",\"breadcrumb\":{\"@id\":\"https:\/\/loenct.com\/contacto\/#breadcrumb\"},\"inLanguage\":\"en-GB\",\"potentialAction\":[{\"@type\":\"ReadAction\",\"target\":[\"https:\/\/loenct.com\/contacto\/\"]}]},{\"@type\":\"BreadcrumbList\",\"@id\":\"https:\/\/loenct.com\/contacto\/#breadcrumb\",\"itemListElement\":[{\"@type\":\"ListItem\",\"position\":1,\"name\":\"Portada\",\"item\":\"https:\/\/loenct.com\/\"},{\"@type\":\"ListItem\",\"position\":2,\"name\":\"Contacto\"}]},{\"@type\":\"WebSite\",\"@id\":\"https:\/\/loenct.com\/#website\",\"url\":\"https:\/\/loenct.com\/\",\"name\":\"Loen\",\"description\":\"Consultora t\u00e9cnica\",\"publisher\":{\"@id\":\"https:\/\/loenct.com\/#organization\"},\"potentialAction\":[{\"@type\":\"SearchAction\",\"target\":{\"@type\":\"EntryPoint\",\"urlTemplate\":\"https:\/\/loenct.com\/?s={search_term_string}\"},\"query-input\":{\"@type\":\"PropertyValueSpecification\",\"valueRequired\":true,\"valueName\":\"search_term_string\"}}],\"inLanguage\":\"en-GB\"},{\"@type\":\"Organization\",\"@id\":\"https:\/\/loenct.com\/#organization\",\"name\":\"Loen\",\"url\":\"https:\/\/loenct.com\/\",\"logo\":{\"@type\":\"ImageObject\",\"inLanguage\":\"en-GB\",\"@id\":\"https:\/\/loenct.com\/#\/schema\/logo\/image\/\",\"url\":\"https:\/\/loenct.com\/wp-content\/uploads\/2025\/03\/cropped-003.png\",\"contentUrl\":\"https:\/\/loenct.com\/wp-content\/uploads\/2025\/03\/cropped-003.png\",\"width\":352,\"height\":179,\"caption\":\"Loen\"},\"image\":{\"@id\":\"https:\/\/loenct.com\/#\/schema\/logo\/image\/\"}}]}<\/script>\n<!-- \/ Yoast SEO plugin. -->","yoast_head_json":{"title":"Contactar con Gabinete de Peritaciones - LOEN","description":"\u00bfNecesita contactar con gabinete de peritaciones profesional? En LOEN estamos listos para ayudarle con sus informes y tasaciones.","robots":{"index":"index","follow":"follow","max-snippet":"max-snippet:-1","max-image-preview":"max-image-preview:large","max-video-preview":"max-video-preview:-1"},"canonical":"https:\/\/loenct.com\/en\/contacto\/","og_locale":"en_GB","og_type":"article","og_title":"Contactar con Gabinete de Peritaciones - LOEN","og_description":"\u00bfNecesita contactar con gabinete de peritaciones profesional? En LOEN estamos listos para ayudarle con sus informes y tasaciones.","og_url":"https:\/\/loenct.com\/en\/contacto\/","og_site_name":"Loen","article_modified_time":"2026-04-10T07:50:31+00:00","twitter_card":"summary_large_image","twitter_misc":{"Estimated reading time":"1 minute"},"schema":{"@context":"https:\/\/schema.org","@graph":[{"@type":"WebPage","@id":"https:\/\/loenct.com\/contacto\/","url":"https:\/\/loenct.com\/contacto\/","name":"Contactar con Gabinete de Peritaciones - LOEN","isPartOf":{"@id":"https:\/\/loenct.com\/#website"},"datePublished":"2025-04-02T11:41:51+00:00","dateModified":"2026-04-10T07:50:31+00:00","description":"\u00bfNecesita contactar con gabinete de peritaciones profesional? En LOEN estamos listos para ayudarle con sus informes y tasaciones.","breadcrumb":{"@id":"https:\/\/loenct.com\/contacto\/#breadcrumb"},"inLanguage":"en-GB","potentialAction":[{"@type":"ReadAction","target":["https:\/\/loenct.com\/contacto\/"]}]},{"@type":"BreadcrumbList","@id":"https:\/\/loenct.com\/contacto\/#breadcrumb","itemListElement":[{"@type":"ListItem","position":1,"name":"Portada","item":"https:\/\/loenct.com\/"},{"@type":"ListItem","position":2,"name":"Contacto"}]},{"@type":"WebSite","@id":"https:\/\/loenct.com\/#website","url":"https:\/\/loenct.com\/","name":"Loen","description":"Consultora t\u00e9cnica","publisher":{"@id":"https:\/\/loenct.com\/#organization"},"potentialAction":[{"@type":"SearchAction","target":{"@type":"EntryPoint","urlTemplate":"https:\/\/loenct.com\/?s={search_term_string}"},"query-input":{"@type":"PropertyValueSpecification","valueRequired":true,"valueName":"search_term_string"}}],"inLanguage":"en-GB"},{"@type":"Organization","@id":"https:\/\/loenct.com\/#organization","name":"Loen","url":"https:\/\/loenct.com\/","logo":{"@type":"ImageObject","inLanguage":"en-GB","@id":"https:\/\/loenct.com\/#\/schema\/logo\/image\/","url":"https:\/\/loenct.com\/wp-content\/uploads\/2025\/03\/cropped-003.png","contentUrl":"https:\/\/loenct.com\/wp-content\/uploads\/2025\/03\/cropped-003.png","width":352,"height":179,"caption":"Loen"},"image":{"@id":"https:\/\/loenct.com\/#\/schema\/logo\/image\/"}}]}},"_links":{"self":[{"href":"https:\/\/loenct.com\/en\/wp-json\/wp\/v2\/pages\/16838","targetHints":{"allow":["GET"]}}],"collection":[{"href":"https:\/\/loenct.com\/en\/wp-json\/wp\/v2\/pages"}],"about":[{"href":"https:\/\/loenct.com\/en\/wp-json\/wp\/v2\/types\/page"}],"author":[{"embeddable":true,"href":"https:\/\/loenct.com\/en\/wp-json\/wp\/v2\/users\/2"}],"replies":[{"embeddable":true,"href":"https:\/\/loenct.com\/en\/wp-json\/wp\/v2\/comments?post=16838"}],"version-history":[{"count":111,"href":"https:\/\/loenct.com\/en\/wp-json\/wp\/v2\/pages\/16838\/revisions"}],"predecessor-version":[{"id":18032,"href":"https:\/\/loenct.com\/en\/wp-json\/wp\/v2\/pages\/16838\/revisions\/18032"}],"wp:attachment":[{"href":"https:\/\/loenct.com\/en\/wp-json\/wp\/v2\/media?parent=16838"}],"curies":[{"name":"wp","href":"https:\/\/api.w.org\/{rel}","templated":true}]}}